{"id":150,"date":"2026-01-15T16:58:01","date_gmt":"2026-01-15T19:58:01","guid":{"rendered":"http:\/\/localhost\/tecanelle\/?post_type=product&#038;p=150"},"modified":"2026-01-15T17:00:25","modified_gmt":"2026-01-15T20:00:25","slug":"pasiflora-pasiflora-incarnata","status":"publish","type":"product","link":"https:\/\/tecanelle.cl\/producto\/pasiflora-pasiflora-incarnata\/","title":{"rendered":"Pasiflora (Pasiflora incarnata)"},"content":{"rendered":"<p><strong>Propiedades<\/strong><br \/>\nTiene efectos ansiol\u00edticos y relajantes del sistema nervioso central. Ayuda a reducir el estr\u00e9s, calmar la mente, aliviar el insomnio leve y promover un descanso m\u00e1s profundo y<br \/>\nreparador. Tambi\u00e9n puede disminuir los<br \/>\ns\u00edntomas f\u00edsicos como palpitaciones o tensi\u00f3n muscular. Beber 1-3 tazas, idealmente por la tarde o noche. No recomendable en embarazo, lactancia y ni\u00f1os menores de 12 a\u00f1os.<\/p>\n<p><strong>Preparaci\u00f3n<\/strong><br \/>\nPara una taza de 250 cc.<br \/>\n2-3 grs. (una cdta.)<br \/>\n8-10 min. | 100\u00b0<\/p>\n","protected":false},"excerpt":{"rendered":"<p>Pasiflora incarnata<\/p>\n","protected":false},"featured_media":153,"comment_status":"open","ping_status":"closed","template":"","meta":{"_acf_changed":false},"product_brand":[],"product_cat":[43],"product_tag":[48],"class_list":{"0":"post-150","1":"product","2":"type-product","3":"status-publish","4":"has-post-thumbnail","6":"product_cat-hierbas-y-flores","7":"product_tag-pasiflora","9":"first","10":"instock","11":"shipping-taxable","12":"purchasable","13":"product-type-variable"},"acf":[],"yoast_head":"<!-- This site is optimized with the Yoast SEO plugin v27.4 - https:\/\/yoast.com\/product\/yoast-seo-wordpress\/ -->\n<title>Pasiflora (Pasiflora incarnata) - T\u00e9 Canelle<\/title>\n<meta name=\"robots\" content=\"noindex, follow, max-snippet:-1, max-image-preview:large, max-video-preview:-1\" \/>\n<meta property=\"og:locale\" content=\"es_ES\" \/>\n<meta property=\"og:type\" content=\"article\" \/>\n<meta property=\"og:title\" content=\"Pasiflora (Pasiflora incarnata) - T\u00e9 Canelle\" \/>\n<meta property=\"og:description\" content=\"Pasiflora incarnata\" \/>\n<meta property=\"og:url\" content=\"http:\/\/tecanelle.cl\/?product=pasiflora-pasiflora-incarnata\" \/>\n<meta property=\"og:site_name\" content=\"T\u00e9 Canelle\" \/>\n<meta property=\"article:modified_time\" content=\"2026-01-15T20:00:25+00:00\" \/>\n<meta property=\"og:image\" content=\"http:\/\/tecanelle.cl\/wp-content\/uploads\/2026\/01\/Pasiflora.jpg\" \/>\n\t<meta property=\"og:image:width\" content=\"1200\" \/>\n\t<meta property=\"og:image:height\" content=\"1200\" \/>\n\t<meta property=\"og:image:type\" content=\"image\/jpeg\" \/>\n<meta name=\"twitter:card\" content=\"summary_large_image\" \/>\n<script type=\"application\/ld+json\" class=\"yoast-schema-graph\">{\"@context\":\"https:\\\/\\\/schema.org\",\"@graph\":[{\"@type\":\"WebPage\",\"@id\":\"http:\\\/\\\/tecanelle.cl\\\/?product=pasiflora-pasiflora-incarnata\",\"url\":\"http:\\\/\\\/tecanelle.cl\\\/?product=pasiflora-pasiflora-incarnata\",\"name\":\"Pasiflora (Pasiflora incarnata) - T\u00e9 Canelle\",\"isPartOf\":{\"@id\":\"http:\\\/\\\/tecanelle.cl\\\/#website\"},\"primaryImageOfPage\":{\"@id\":\"http:\\\/\\\/tecanelle.cl\\\/?product=pasiflora-pasiflora-incarnata#primaryimage\"},\"image\":{\"@id\":\"http:\\\/\\\/tecanelle.cl\\\/?product=pasiflora-pasiflora-incarnata#primaryimage\"},\"thumbnailUrl\":\"https:\\\/\\\/tecanelle.cl\\\/wp-content\\\/uploads\\\/2026\\\/01\\\/Pasiflora.jpg\",\"datePublished\":\"2026-01-15T19:58:01+00:00\",\"dateModified\":\"2026-01-15T20:00:25+00:00\",\"breadcrumb\":{\"@id\":\"http:\\\/\\\/tecanelle.cl\\\/?product=pasiflora-pasiflora-incarnata#breadcrumb\"},\"inLanguage\":\"es-CL\",\"potentialAction\":[{\"@type\":\"ReadAction\",\"target\":[\"http:\\\/\\\/tecanelle.cl\\\/?product=pasiflora-pasiflora-incarnata\"]}]},{\"@type\":\"ImageObject\",\"inLanguage\":\"es-CL\",\"@id\":\"http:\\\/\\\/tecanelle.cl\\\/?product=pasiflora-pasiflora-incarnata#primaryimage\",\"url\":\"https:\\\/\\\/tecanelle.cl\\\/wp-content\\\/uploads\\\/2026\\\/01\\\/Pasiflora.jpg\",\"contentUrl\":\"https:\\\/\\\/tecanelle.cl\\\/wp-content\\\/uploads\\\/2026\\\/01\\\/Pasiflora.jpg\",\"width\":1200,\"height\":1200,\"caption\":\"Pasiflora\"},{\"@type\":\"BreadcrumbList\",\"@id\":\"http:\\\/\\\/tecanelle.cl\\\/?product=pasiflora-pasiflora-incarnata#breadcrumb\",\"itemListElement\":[{\"@type\":\"ListItem\",\"position\":1,\"name\":\"Portada\",\"item\":\"http:\\\/\\\/tecanelle.cl\\\/\"},{\"@type\":\"ListItem\",\"position\":2,\"name\":\"Pasiflora (Pasiflora incarnata)\"}]},{\"@type\":\"WebSite\",\"@id\":\"http:\\\/\\\/tecanelle.cl\\\/#website\",\"url\":\"http:\\\/\\\/tecanelle.cl\\\/\",\"name\":\"T\u00e9 Canelle\",\"description\":\"Tienda de T\u00e9 Canelle\",\"publisher\":{\"@id\":\"http:\\\/\\\/tecanelle.cl\\\/#organization\"},\"potentialAction\":[{\"@type\":\"SearchAction\",\"target\":{\"@type\":\"EntryPoint\",\"urlTemplate\":\"http:\\\/\\\/tecanelle.cl\\\/?s={search_term_string}\"},\"query-input\":{\"@type\":\"PropertyValueSpecification\",\"valueRequired\":true,\"valueName\":\"search_term_string\"}}],\"inLanguage\":\"es-CL\"},{\"@type\":\"Organization\",\"@id\":\"http:\\\/\\\/tecanelle.cl\\\/#organization\",\"name\":\"T\u00e9 Canelle\",\"url\":\"http:\\\/\\\/tecanelle.cl\\\/\",\"logo\":{\"@type\":\"ImageObject\",\"inLanguage\":\"es-CL\",\"@id\":\"http:\\\/\\\/tecanelle.cl\\\/#\\\/schema\\\/logo\\\/image\\\/\",\"url\":\"https:\\\/\\\/tecanelle.cl\\\/wp-content\\\/uploads\\\/2026\\\/01\\\/cropped-Logo-web-e1769725867700.png\",\"contentUrl\":\"https:\\\/\\\/tecanelle.cl\\\/wp-content\\\/uploads\\\/2026\\\/01\\\/cropped-Logo-web-e1769725867700.png\",\"width\":600,\"height\":396,\"caption\":\"T\u00e9 Canelle\"},\"image\":{\"@id\":\"http:\\\/\\\/tecanelle.cl\\\/#\\\/schema\\\/logo\\\/image\\\/\"}}]}<\/script>\n<!-- \/ Yoast SEO plugin. -->","yoast_head_json":{"title":"Pasiflora (Pasiflora incarnata) - T\u00e9 Canelle","robots":{"index":"noindex","follow":"follow","max-snippet":"max-snippet:-1","max-image-preview":"max-image-preview:large","max-video-preview":"max-video-preview:-1"},"og_locale":"es_ES","og_type":"article","og_title":"Pasiflora (Pasiflora incarnata) - T\u00e9 Canelle","og_description":"Pasiflora incarnata","og_url":"http:\/\/tecanelle.cl\/?product=pasiflora-pasiflora-incarnata","og_site_name":"T\u00e9 Canelle","article_modified_time":"2026-01-15T20:00:25+00:00","og_image":[{"width":1200,"height":1200,"url":"http:\/\/tecanelle.cl\/wp-content\/uploads\/2026\/01\/Pasiflora.jpg","type":"image\/jpeg"}],"twitter_card":"summary_large_image","schema":{"@context":"https:\/\/schema.org","@graph":[{"@type":"WebPage","@id":"http:\/\/tecanelle.cl\/?product=pasiflora-pasiflora-incarnata","url":"http:\/\/tecanelle.cl\/?product=pasiflora-pasiflora-incarnata","name":"Pasiflora (Pasiflora incarnata) - T\u00e9 Canelle","isPartOf":{"@id":"http:\/\/tecanelle.cl\/#website"},"primaryImageOfPage":{"@id":"http:\/\/tecanelle.cl\/?product=pasiflora-pasiflora-incarnata#primaryimage"},"image":{"@id":"http:\/\/tecanelle.cl\/?product=pasiflora-pasiflora-incarnata#primaryimage"},"thumbnailUrl":"https:\/\/tecanelle.cl\/wp-content\/uploads\/2026\/01\/Pasiflora.jpg","datePublished":"2026-01-15T19:58:01+00:00","dateModified":"2026-01-15T20:00:25+00:00","breadcrumb":{"@id":"http:\/\/tecanelle.cl\/?product=pasiflora-pasiflora-incarnata#breadcrumb"},"inLanguage":"es-CL","potentialAction":[{"@type":"ReadAction","target":["http:\/\/tecanelle.cl\/?product=pasiflora-pasiflora-incarnata"]}]},{"@type":"ImageObject","inLanguage":"es-CL","@id":"http:\/\/tecanelle.cl\/?product=pasiflora-pasiflora-incarnata#primaryimage","url":"https:\/\/tecanelle.cl\/wp-content\/uploads\/2026\/01\/Pasiflora.jpg","contentUrl":"https:\/\/tecanelle.cl\/wp-content\/uploads\/2026\/01\/Pasiflora.jpg","width":1200,"height":1200,"caption":"Pasiflora"},{"@type":"BreadcrumbList","@id":"http:\/\/tecanelle.cl\/?product=pasiflora-pasiflora-incarnata#breadcrumb","itemListElement":[{"@type":"ListItem","position":1,"name":"Portada","item":"http:\/\/tecanelle.cl\/"},{"@type":"ListItem","position":2,"name":"Pasiflora (Pasiflora incarnata)"}]},{"@type":"WebSite","@id":"http:\/\/tecanelle.cl\/#website","url":"http:\/\/tecanelle.cl\/","name":"T\u00e9 Canelle","description":"Tienda de T\u00e9 Canelle","publisher":{"@id":"http:\/\/tecanelle.cl\/#organization"},"potentialAction":[{"@type":"SearchAction","target":{"@type":"EntryPoint","urlTemplate":"http:\/\/tecanelle.cl\/?s={search_term_string}"},"query-input":{"@type":"PropertyValueSpecification","valueRequired":true,"valueName":"search_term_string"}}],"inLanguage":"es-CL"},{"@type":"Organization","@id":"http:\/\/tecanelle.cl\/#organization","name":"T\u00e9 Canelle","url":"http:\/\/tecanelle.cl\/","logo":{"@type":"ImageObject","inLanguage":"es-CL","@id":"http:\/\/tecanelle.cl\/#\/schema\/logo\/image\/","url":"https:\/\/tecanelle.cl\/wp-content\/uploads\/2026\/01\/cropped-Logo-web-e1769725867700.png","contentUrl":"https:\/\/tecanelle.cl\/wp-content\/uploads\/2026\/01\/cropped-Logo-web-e1769725867700.png","width":600,"height":396,"caption":"T\u00e9 Canelle"},"image":{"@id":"http:\/\/tecanelle.cl\/#\/schema\/logo\/image\/"}}]}},"_links":{"self":[{"href":"https:\/\/tecanelle.cl\/wp-json\/wp\/v2\/product\/150","targetHints":{"allow":["GET"]}}],"collection":[{"href":"https:\/\/tecanelle.cl\/wp-json\/wp\/v2\/product"}],"about":[{"href":"https:\/\/tecanelle.cl\/wp-json\/wp\/v2\/types\/product"}],"replies":[{"embeddable":true,"href":"https:\/\/tecanelle.cl\/wp-json\/wp\/v2\/comments?post=150"}],"wp:featuredmedia":[{"embeddable":true,"href":"https:\/\/tecanelle.cl\/wp-json\/wp\/v2\/media\/153"}],"wp:attachment":[{"href":"https:\/\/tecanelle.cl\/wp-json\/wp\/v2\/media?parent=150"}],"wp:term":[{"taxonomy":"product_brand","embeddable":true,"href":"https:\/\/tecanelle.cl\/wp-json\/wp\/v2\/product_brand?post=150"},{"taxonomy":"product_cat","embeddable":true,"href":"https:\/\/tecanelle.cl\/wp-json\/wp\/v2\/product_cat?post=150"},{"taxonomy":"product_tag","embeddable":true,"href":"https:\/\/tecanelle.cl\/wp-json\/wp\/v2\/product_tag?post=150"}],"curies":[{"name":"wp","href":"https:\/\/api.w.org\/{rel}","templated":true}]}}